{"id":976,"date":"2016-05-11T11:10:48","date_gmt":"2016-05-11T09:10:48","guid":{"rendered":"http:\/\/www.zinzendorfhaus.werbeagentur-erfurt.net\/en\/start\/"},"modified":"2025-03-13T20:26:15","modified_gmt":"2025-03-13T18:26:15","slug":"start","status":"publish","type":"page","link":"https:\/\/zinzendorfhaus.de\/en\/","title":{"rendered":"Start"},"content":{"rendered":"<h1>Tagen | \u00dcbernachten | Th\u00fcringen | Neudietendorf | Evangelische H\u00e4user | Zinzendorfhaus<\/h1>\n<h2>Herzlich willkommen im Zinzendorfhaus Neudietendorf<\/h2>\n    \r\n        <!--  Kacheln - start  -->\r\n    \r\n        <div class=\"promo\">\r\n            <div class=\"promo_in\">\r\n                                        <div class=\"usp-element\">\r\n\r\n                            <div title=\"Overnight Stay\" data-href=\"\/en\/overnight-stay\/\" class=\"none lg:inline-block p11 usp1\" style=\"background-image:url(https:\/\/zinzendorfhaus.de\/wp-content\/uploads\/2017\/03\/Urlaub-Thueringen.jpg);\"><\/div>\r\n\r\n                            <img decoding=\"async\" src=\"https:\/\/zinzendorfhaus.de\/wp-content\/uploads\/2017\/03\/Urlaub-Thueringen.jpg\" class=\"block lg:none w-full\" \/>\r\n\r\n                            <div data-href=\"\/en\/overnight-stay\/\" class=\"p33\">\r\n                                <p class=\"headline\">Overnight Stay<\/p>\r\n                                <p>We offer a variety of different accommodations. Groups and individual guests are welcome in our house.<\/p>\n                                <a title=\"\" href=\"\/en\/overnight-stay\/\">more information<\/a>\r\n                            <\/div>\r\n                        <\/div>\r\n                                            <div class=\"usp-element\">\r\n\r\n                            <div title=\"History\" data-href=\"\/en\/geschichte\/\" class=\"none lg:inline-block p11 usp1\" style=\"background-image:url(https:\/\/zinzendorfhaus.de\/wp-content\/uploads\/2017\/02\/Haus-Gottesacker.jpg);\"><\/div>\r\n\r\n                            <img decoding=\"async\" src=\"https:\/\/zinzendorfhaus.de\/wp-content\/uploads\/2017\/02\/Haus-Gottesacker.jpg\" class=\"block lg:none w-full\" \/>\r\n\r\n                            <div data-href=\"\/en\/geschichte\/\" class=\"p33\">\r\n                                <p class=\"headline\">History<\/p>\r\n                                <p>Get to know more about the history of Zinzendorfhaus which was built in the 18th century by the Herrnhuter Br\u00fcdergemeine.<\/p>\n                                <a title=\"\" href=\"\/en\/geschichte\/\">more information<\/a>\r\n                            <\/div>\r\n                        <\/div>\r\n                                            <div class=\"usp-element\">\r\n\r\n                            <div title=\"Services & Prayers\" data-href=\"\/en\/services-prayers\/\" class=\"none lg:inline-block p11 usp1\" style=\"background-image:url(https:\/\/zinzendorfhaus.de\/wp-content\/uploads\/2017\/02\/Kirche.jpg);\"><\/div>\r\n\r\n                            <img decoding=\"async\" src=\"https:\/\/zinzendorfhaus.de\/wp-content\/uploads\/2017\/02\/Kirche.jpg\" class=\"block lg:none w-full\" \/>\r\n\r\n                            <div data-href=\"\/en\/services-prayers\/\" class=\"p33\">\r\n                                <p class=\"headline\">Services & Prayers<\/p>\r\n                                <p>Attend our Christian services and prayers in the room of tranquility or in the Br\u00fcderkirche next to Zinzendorfhaus.<\/p>\n                                <a title=\"\" href=\"\/en\/services-prayers\/\">more information<\/a>\r\n                            <\/div>\r\n                        <\/div>\r\n                                            <div class=\"usp-element\">\r\n\r\n                            <div title=\"Contact\" data-href=\"\/en\/contact\/\" class=\"none lg:inline-block p11 usp1\" style=\"background-image:url(https:\/\/zinzendorfhaus.de\/wp-content\/uploads\/2017\/02\/Wachsenburg.jpg);\"><\/div>\r\n\r\n                            <img decoding=\"async\" src=\"https:\/\/zinzendorfhaus.de\/wp-content\/uploads\/2017\/02\/Wachsenburg.jpg\" class=\"block lg:none w-full\" \/>\r\n\r\n                            <div data-href=\"\/en\/contact\/\" class=\"p33\">\r\n                                <p class=\"headline\">Contact<\/p>\r\n                                <p>You can find us right in the middle of Germay in Thuringia. If you have any questions please contact us.<\/p>\n                                <a title=\"\" href=\"\/en\/contact\/\">more information<\/a>\r\n                            <\/div>\r\n                        <\/div>\r\n                                            <div class=\"usp-element\">\r\n\r\n                            <div title=\"\" data-href=\"\" class=\"none lg:inline-block p11 usp1\" style=\"background-image:url();\"><\/div>\r\n\r\n                            <img decoding=\"async\" src=\"\" class=\"block lg:none w-full\" \/>\r\n\r\n                            <div data-href=\"\" class=\"p33\">\r\n                                <p class=\"headline\"><\/p>\r\n                                                                <a title=\"\" href=\"\">more information<\/a>\r\n                            <\/div>\r\n                        <\/div>\r\n                        \r\n            <\/div>\r\n        <\/div>\r\n    \r\n    \r\n        <!-- Kacheln - End -->\r\n    \r\n        \n&#13;\n<p>\u00a0<\/p>&#13;\n","protected":false},"excerpt":{"rendered":"<p>&#13; \u00a0&#13;<\/p>\n","protected":false},"author":7481,"featured_media":0,"parent":0,"menu_order":0,"comment_status":"closed","ping_status":"closed","template":"","meta":{"_acf_changed":false,"footnotes":""},"class_list":["post-976","page","type-page","status-publish","hentry"],"acf":[],"yoast_head":"<!-- This site is optimized with the Yoast SEO plugin v27.5 - https:\/\/yoast.com\/product\/yoast-seo-wordpress\/ -->\n<title>Zinzendorfhaus Neudietendorf - Meetings &amp; Stay Overnight<\/title>\n<meta name=\"description\" content=\"You are looking for a location for your meeting, your group trip or your vacation? Here you will find ideal possibilities &amp; the best service!\" \/>\n<meta name=\"robots\" content=\"index, follow, max-snippet:-1, max-image-preview:large, max-video-preview:-1\" \/>\n<link rel=\"canonical\" href=\"https:\/\/zinzendorfhaus.de\/en\/\" \/>\n<meta property=\"og:locale\" content=\"en_US\" \/>\n<meta property=\"og:type\" content=\"article\" \/>\n<meta property=\"og:title\" content=\"Zinzendorfhaus Neudietendorf - Meetings &amp; Stay Overnight\" \/>\n<meta property=\"og:description\" content=\"You are looking for a location for your meeting, your group trip or your vacation? Here you will find ideal possibilities &amp; the best service!\" \/>\n<meta property=\"og:url\" content=\"https:\/\/zinzendorfhaus.de\/en\/\" \/>\n<meta property=\"og:site_name\" content=\"Zinzendorfhaus\" \/>\n<meta property=\"article:modified_time\" content=\"2025-03-13T18:26:15+00:00\" \/>\n<meta name=\"twitter:card\" content=\"summary_large_image\" \/>\n<script type=\"application\/ld+json\" class=\"yoast-schema-graph\">{\"@context\":\"https:\\\/\\\/schema.org\",\"@graph\":[{\"@type\":\"WebPage\",\"@id\":\"https:\\\/\\\/zinzendorfhaus.de\\\/en\\\/\",\"url\":\"https:\\\/\\\/zinzendorfhaus.de\\\/en\\\/\",\"name\":\"Zinzendorfhaus Neudietendorf - Meetings & Stay Overnight\",\"isPartOf\":{\"@id\":\"https:\\\/\\\/zinzendorfhaus.de\\\/en\\\/#website\"},\"datePublished\":\"2016-05-11T09:10:48+00:00\",\"dateModified\":\"2025-03-13T18:26:15+00:00\",\"description\":\"You are looking for a location for your meeting, your group trip or your vacation? Here you will find ideal possibilities & the best service!\",\"breadcrumb\":{\"@id\":\"https:\\\/\\\/zinzendorfhaus.de\\\/en\\\/#breadcrumb\"},\"inLanguage\":\"en-US\",\"potentialAction\":[{\"@type\":\"ReadAction\",\"target\":[\"https:\\\/\\\/zinzendorfhaus.de\\\/en\\\/\"]}]},{\"@type\":\"BreadcrumbList\",\"@id\":\"https:\\\/\\\/zinzendorfhaus.de\\\/en\\\/#breadcrumb\",\"itemListElement\":[{\"@type\":\"ListItem\",\"position\":1,\"name\":\"Startseite\",\"item\":\"https:\\\/\\\/zinzendorfhaus.de\\\/en\\\/\"},{\"@type\":\"ListItem\",\"position\":2,\"name\":\"Start\"}]},{\"@type\":\"WebSite\",\"@id\":\"https:\\\/\\\/zinzendorfhaus.de\\\/en\\\/#website\",\"url\":\"https:\\\/\\\/zinzendorfhaus.de\\\/en\\\/\",\"name\":\"Zinzendorfhaus\",\"description\":\"Evangelisches Zentrum Zinzendorfhaus Neudietendorf\",\"potentialAction\":[{\"@type\":\"SearchAction\",\"target\":{\"@type\":\"EntryPoint\",\"urlTemplate\":\"https:\\\/\\\/zinzendorfhaus.de\\\/en\\\/?s={search_term_string}\"},\"query-input\":{\"@type\":\"PropertyValueSpecification\",\"valueRequired\":true,\"valueName\":\"search_term_string\"}}],\"inLanguage\":\"en-US\"}]}<\/script>\n<!-- \/ Yoast SEO plugin. -->","yoast_head_json":{"title":"Zinzendorfhaus Neudietendorf - Meetings & Stay Overnight","description":"You are looking for a location for your meeting, your group trip or your vacation? Here you will find ideal possibilities & the best service!","robots":{"index":"index","follow":"follow","max-snippet":"max-snippet:-1","max-image-preview":"max-image-preview:large","max-video-preview":"max-video-preview:-1"},"canonical":"https:\/\/zinzendorfhaus.de\/en\/","og_locale":"en_US","og_type":"article","og_title":"Zinzendorfhaus Neudietendorf - Meetings & Stay Overnight","og_description":"You are looking for a location for your meeting, your group trip or your vacation? Here you will find ideal possibilities & the best service!","og_url":"https:\/\/zinzendorfhaus.de\/en\/","og_site_name":"Zinzendorfhaus","article_modified_time":"2025-03-13T18:26:15+00:00","twitter_card":"summary_large_image","schema":{"@context":"https:\/\/schema.org","@graph":[{"@type":"WebPage","@id":"https:\/\/zinzendorfhaus.de\/en\/","url":"https:\/\/zinzendorfhaus.de\/en\/","name":"Zinzendorfhaus Neudietendorf - Meetings & Stay Overnight","isPartOf":{"@id":"https:\/\/zinzendorfhaus.de\/en\/#website"},"datePublished":"2016-05-11T09:10:48+00:00","dateModified":"2025-03-13T18:26:15+00:00","description":"You are looking for a location for your meeting, your group trip or your vacation? Here you will find ideal possibilities & the best service!","breadcrumb":{"@id":"https:\/\/zinzendorfhaus.de\/en\/#breadcrumb"},"inLanguage":"en-US","potentialAction":[{"@type":"ReadAction","target":["https:\/\/zinzendorfhaus.de\/en\/"]}]},{"@type":"BreadcrumbList","@id":"https:\/\/zinzendorfhaus.de\/en\/#breadcrumb","itemListElement":[{"@type":"ListItem","position":1,"name":"Startseite","item":"https:\/\/zinzendorfhaus.de\/en\/"},{"@type":"ListItem","position":2,"name":"Start"}]},{"@type":"WebSite","@id":"https:\/\/zinzendorfhaus.de\/en\/#website","url":"https:\/\/zinzendorfhaus.de\/en\/","name":"Zinzendorfhaus","description":"Evangelisches Zentrum Zinzendorfhaus Neudietendorf","potentialAction":[{"@type":"SearchAction","target":{"@type":"EntryPoint","urlTemplate":"https:\/\/zinzendorfhaus.de\/en\/?s={search_term_string}"},"query-input":{"@type":"PropertyValueSpecification","valueRequired":true,"valueName":"search_term_string"}}],"inLanguage":"en-US"}]}},"_links":{"self":[{"href":"https:\/\/zinzendorfhaus.de\/en\/wp-json\/wp\/v2\/pages\/976","targetHints":{"allow":["GET"]}}],"collection":[{"href":"https:\/\/zinzendorfhaus.de\/en\/wp-json\/wp\/v2\/pages"}],"about":[{"href":"https:\/\/zinzendorfhaus.de\/en\/wp-json\/wp\/v2\/types\/page"}],"author":[{"embeddable":true,"href":"https:\/\/zinzendorfhaus.de\/en\/wp-json\/wp\/v2\/users\/7481"}],"replies":[{"embeddable":true,"href":"https:\/\/zinzendorfhaus.de\/en\/wp-json\/wp\/v2\/comments?post=976"}],"version-history":[{"count":22,"href":"https:\/\/zinzendorfhaus.de\/en\/wp-json\/wp\/v2\/pages\/976\/revisions"}],"predecessor-version":[{"id":3901,"href":"https:\/\/zinzendorfhaus.de\/en\/wp-json\/wp\/v2\/pages\/976\/revisions\/3901"}],"wp:attachment":[{"href":"https:\/\/zinzendorfhaus.de\/en\/wp-json\/wp\/v2\/media?parent=976"}],"curies":[{"name":"wp","href":"https:\/\/api.w.org\/{rel}","templated":true}]}}